{"id":5027,"date":"2019-03-06T18:06:35","date_gmt":"2019-03-06T17:06:35","guid":{"rendered":"https:\/\/autocaresmaciasjimenez.com\/Autocares\/?page_id=5027"},"modified":"2019-03-06T18:12:51","modified_gmt":"2019-03-06T17:12:51","slug":"nuestras-empresas","status":"publish","type":"page","link":"https:\/\/autocaresmaciasjimenez.com\/Autocares\/nuestras-empresas\/","title":{"rendered":"NUESTRAS EMPRESAS"},"content":{"rendered":"\n<style type=\"text\/css\" data-created_by=\"avia_inline_auto\" id=\"style-css-av-av_one_half-25347b0a799d5b9f7058434b2a9c3182\">\n.flex_column.av-av_one_half-25347b0a799d5b9f7058434b2a9c3182{\nborder-radius:0px 0px 0px 0px;\npadding:0px 0px 0px 0px;\n}\n<\/style>\n<div  class='flex_column av-av_one_half-25347b0a799d5b9f7058434b2a9c3182 av_one_half  avia-builder-el-0  el_before_av_one_half  avia-builder-el-first  first flex_column_div av-zero-column-padding  '     ><style type=\"text\/css\" data-created_by=\"avia_inline_auto\" id=\"style-css-av-jsxgd1b8-70bb17cb912106d0c36fc3cfa070c8b4\">\n.avia-image-container.av-jsxgd1b8-70bb17cb912106d0c36fc3cfa070c8b4 img.avia_image{\nbox-shadow:none;\n}\n.avia-image-container.av-jsxgd1b8-70bb17cb912106d0c36fc3cfa070c8b4 .av-image-caption-overlay-center{\ncolor:#ffffff;\n}\n<\/style>\n<div  class='avia-image-container av-jsxgd1b8-70bb17cb912106d0c36fc3cfa070c8b4 av-styling- avia-align-center  avia-builder-el-1  avia-builder-el-no-sibling '   itemprop=\"image\" itemscope=\"itemscope\" itemtype=\"https:\/\/schema.org\/ImageObject\" ><div class=\"avia-image-container-inner\"><div class=\"avia-image-overlay-wrap\"><a href=\"https:\/\/autocaresmaciasjimenez.com\/Autocares\/vehiculosindustriales\/\" class='avia_image'  aria-label='Captura de pantalla 2019-03-06 a las 18.04.02'><img fetchpriority=\"high\" class='wp-image-5028 avia-img-lazy-loading-not-5028 avia_image ' src='https:\/\/autocaresmaciasjimenez.com\/Autocares\/wp-content\/uploads\/2019\/03\/Captura-de-pantalla-2019-03-06-a-las-18.04.02-300x186.png' alt='' title='Captura de pantalla 2019-03-06 a las 18.04.02'  height=\"186\" width=\"300\"  itemprop=\"thumbnailUrl\"  \/><\/a><\/div><\/div><\/div><\/div>\n<style type=\"text\/css\" data-created_by=\"avia_inline_auto\" id=\"style-css-av-av_one_half-f7c1061df29de8cca6b42fcf455fe4a0\">\n.flex_column.av-av_one_half-f7c1061df29de8cca6b42fcf455fe4a0{\nborder-radius:0px 0px 0px 0px;\npadding:0px 0px 0px 0px;\n}\n<\/style>\n<div  class='flex_column av-av_one_half-f7c1061df29de8cca6b42fcf455fe4a0 av_one_half  avia-builder-el-2  el_after_av_one_half  avia-builder-el-last  flex_column_div av-zero-column-padding  '     ><style type=\"text\/css\" data-created_by=\"avia_inline_auto\" id=\"style-css-av-jsxgf7m7-1554200089d062d2dd49bc3603aab727\">\n.avia-image-container.av-jsxgf7m7-1554200089d062d2dd49bc3603aab727 img.avia_image{\nbox-shadow:none;\n}\n.avia-image-container.av-jsxgf7m7-1554200089d062d2dd49bc3603aab727 .av-image-caption-overlay-center{\ncolor:#ffffff;\n}\n<\/style>\n<div  class='avia-image-container av-jsxgf7m7-1554200089d062d2dd49bc3603aab727 av-styling- avia-align-center  avia-builder-el-3  avia-builder-el-no-sibling '   itemprop=\"image\" itemscope=\"itemscope\" itemtype=\"https:\/\/schema.org\/ImageObject\" ><div class=\"avia-image-container-inner\"><div class=\"avia-image-overlay-wrap\"><a href=\"https:\/\/maciastravel.es\/\" class='avia_image'  aria-label='logologo'><img fetchpriority=\"high\" class='wp-image-5029 avia-img-lazy-loading-not-5029 avia_image ' src='https:\/\/autocaresmaciasjimenez.com\/Autocares\/wp-content\/uploads\/2019\/03\/logologo.png' alt='' title='logologo'  height=\"156\" width=\"479\"  itemprop=\"thumbnailUrl\"  \/><\/a><\/div><\/div><\/div><\/div><\/p>\n","protected":false},"excerpt":{"rendered":"","protected":false},"author":1,"featured_media":0,"parent":0,"menu_order":0,"comment_status":"closed","ping_status":"closed","template":"","meta":{"footnotes":""},"class_list":["post-5027","page","type-page","status-publish","hentry"],"yoast_head":"<!-- This site is optimized with the Yoast SEO Premium plugin v25.7.1 (Yoast SEO v26.3) - https:\/\/yoast.com\/wordpress\/plugins\/seo\/ -->\n<title>NUESTRAS EMPRESAS - Autocares Mac\u00edas Jim\u00e9nez<\/title>\n<meta name=\"robots\" content=\"index, follow, max-snippet:-1, max-image-preview:large, max-video-preview:-1\" \/>\n<link rel=\"canonical\" href=\"https:\/\/autocaresmaciasjimenez.com\/Autocares\/nuestras-empresas\/\" \/>\n<meta property=\"og:locale\" content=\"es_ES\" \/>\n<meta property=\"og:type\" content=\"article\" \/>\n<meta property=\"og:title\" content=\"NUESTRAS EMPRESAS\" \/>\n<meta property=\"og:url\" content=\"https:\/\/autocaresmaciasjimenez.com\/Autocares\/nuestras-empresas\/\" \/>\n<meta property=\"og:site_name\" content=\"Autocares Mac\u00edas Jim\u00e9nez\" \/>\n<meta property=\"article:modified_time\" content=\"2019-03-06T17:12:51+00:00\" \/>\n<meta name=\"twitter:card\" content=\"summary_large_image\" \/>\n<meta name=\"twitter:label1\" content=\"Tiempo de lectura\" \/>\n\t<meta name=\"twitter:data1\" content=\"2 minutos\" \/>\n<script type=\"application\/ld+json\" class=\"yoast-schema-graph\">{\"@context\":\"https:\/\/schema.org\",\"@graph\":[{\"@type\":\"WebPage\",\"@id\":\"https:\/\/autocaresmaciasjimenez.com\/Autocares\/nuestras-empresas\/\",\"url\":\"https:\/\/autocaresmaciasjimenez.com\/Autocares\/nuestras-empresas\/\",\"name\":\"NUESTRAS EMPRESAS - Autocares Mac\u00edas Jim\u00e9nez\",\"isPartOf\":{\"@id\":\"https:\/\/autocaresmaciasjimenez.com\/Autocares\/#website\"},\"datePublished\":\"2019-03-06T17:06:35+00:00\",\"dateModified\":\"2019-03-06T17:12:51+00:00\",\"breadcrumb\":{\"@id\":\"https:\/\/autocaresmaciasjimenez.com\/Autocares\/nuestras-empresas\/#breadcrumb\"},\"inLanguage\":\"es\",\"potentialAction\":[{\"@type\":\"ReadAction\",\"target\":[\"https:\/\/autocaresmaciasjimenez.com\/Autocares\/nuestras-empresas\/\"]}]},{\"@type\":\"BreadcrumbList\",\"@id\":\"https:\/\/autocaresmaciasjimenez.com\/Autocares\/nuestras-empresas\/#breadcrumb\",\"itemListElement\":[{\"@type\":\"ListItem\",\"position\":1,\"name\":\"Portada\",\"item\":\"https:\/\/autocaresmaciasjimenez.com\/Autocares\/inicio\/\"},{\"@type\":\"ListItem\",\"position\":2,\"name\":\"NUESTRAS EMPRESAS\"}]},{\"@type\":\"WebSite\",\"@id\":\"https:\/\/autocaresmaciasjimenez.com\/Autocares\/#website\",\"url\":\"https:\/\/autocaresmaciasjimenez.com\/Autocares\/\",\"name\":\"Autocares Mac\u00edas Jim\u00e9nez\",\"description\":\"Arquiler de autocares y autobuses en toda Espa\u00f1a.\",\"potentialAction\":[{\"@type\":\"SearchAction\",\"target\":{\"@type\":\"EntryPoint\",\"urlTemplate\":\"https:\/\/autocaresmaciasjimenez.com\/Autocares\/?s={search_term_string}\"},\"query-input\":{\"@type\":\"PropertyValueSpecification\",\"valueRequired\":true,\"valueName\":\"search_term_string\"}}],\"inLanguage\":\"es\"}]}<\/script>\n<!-- \/ Yoast SEO Premium plugin. -->","yoast_head_json":{"title":"NUESTRAS EMPRESAS - Autocares Mac\u00edas Jim\u00e9nez","robots":{"index":"index","follow":"follow","max-snippet":"max-snippet:-1","max-image-preview":"max-image-preview:large","max-video-preview":"max-video-preview:-1"},"canonical":"https:\/\/autocaresmaciasjimenez.com\/Autocares\/nuestras-empresas\/","og_locale":"es_ES","og_type":"article","og_title":"NUESTRAS EMPRESAS","og_url":"https:\/\/autocaresmaciasjimenez.com\/Autocares\/nuestras-empresas\/","og_site_name":"Autocares Mac\u00edas Jim\u00e9nez","article_modified_time":"2019-03-06T17:12:51+00:00","twitter_card":"summary_large_image","twitter_misc":{"Tiempo de lectura":"2 minutos"},"schema":{"@context":"https:\/\/schema.org","@graph":[{"@type":"WebPage","@id":"https:\/\/autocaresmaciasjimenez.com\/Autocares\/nuestras-empresas\/","url":"https:\/\/autocaresmaciasjimenez.com\/Autocares\/nuestras-empresas\/","name":"NUESTRAS EMPRESAS - Autocares Mac\u00edas Jim\u00e9nez","isPartOf":{"@id":"https:\/\/autocaresmaciasjimenez.com\/Autocares\/#website"},"datePublished":"2019-03-06T17:06:35+00:00","dateModified":"2019-03-06T17:12:51+00:00","breadcrumb":{"@id":"https:\/\/autocaresmaciasjimenez.com\/Autocares\/nuestras-empresas\/#breadcrumb"},"inLanguage":"es","potentialAction":[{"@type":"ReadAction","target":["https:\/\/autocaresmaciasjimenez.com\/Autocares\/nuestras-empresas\/"]}]},{"@type":"BreadcrumbList","@id":"https:\/\/autocaresmaciasjimenez.com\/Autocares\/nuestras-empresas\/#breadcrumb","itemListElement":[{"@type":"ListItem","position":1,"name":"Portada","item":"https:\/\/autocaresmaciasjimenez.com\/Autocares\/inicio\/"},{"@type":"ListItem","position":2,"name":"NUESTRAS EMPRESAS"}]},{"@type":"WebSite","@id":"https:\/\/autocaresmaciasjimenez.com\/Autocares\/#website","url":"https:\/\/autocaresmaciasjimenez.com\/Autocares\/","name":"Autocares Mac\u00edas Jim\u00e9nez","description":"Arquiler de autocares y autobuses en toda Espa\u00f1a.","potentialAction":[{"@type":"SearchAction","target":{"@type":"EntryPoint","urlTemplate":"https:\/\/autocaresmaciasjimenez.com\/Autocares\/?s={search_term_string}"},"query-input":{"@type":"PropertyValueSpecification","valueRequired":true,"valueName":"search_term_string"}}],"inLanguage":"es"}]}},"_links":{"self":[{"href":"https:\/\/autocaresmaciasjimenez.com\/Autocares\/wp-json\/wp\/v2\/pages\/5027","targetHints":{"allow":["GET"]}}],"collection":[{"href":"https:\/\/autocaresmaciasjimenez.com\/Autocares\/wp-json\/wp\/v2\/pages"}],"about":[{"href":"https:\/\/autocaresmaciasjimenez.com\/Autocares\/wp-json\/wp\/v2\/types\/page"}],"author":[{"embeddable":true,"href":"https:\/\/autocaresmaciasjimenez.com\/Autocares\/wp-json\/wp\/v2\/users\/1"}],"replies":[{"embeddable":true,"href":"https:\/\/autocaresmaciasjimenez.com\/Autocares\/wp-json\/wp\/v2\/comments?post=5027"}],"version-history":[{"count":2,"href":"https:\/\/autocaresmaciasjimenez.com\/Autocares\/wp-json\/wp\/v2\/pages\/5027\/revisions"}],"predecessor-version":[{"id":5034,"href":"https:\/\/autocaresmaciasjimenez.com\/Autocares\/wp-json\/wp\/v2\/pages\/5027\/revisions\/5034"}],"wp:attachment":[{"href":"https:\/\/autocaresmaciasjimenez.com\/Autocares\/wp-json\/wp\/v2\/media?parent=5027"}],"curies":[{"name":"wp","href":"https:\/\/api.w.org\/{rel}","templated":true}]}}