{"id":5014,"date":"2019-02-27T12:43:54","date_gmt":"2019-02-27T11:43:54","guid":{"rendered":"https:\/\/autocaresmaciasjimenez.com\/Autocares\/?page_id=5014"},"modified":"2019-02-27T12:43:55","modified_gmt":"2019-02-27T11:43:55","slug":"politica-de-calidad-de-autocares","status":"publish","type":"page","link":"https:\/\/autocaresmaciasjimenez.com\/Autocares\/politica-de-calidad-de-autocares\/","title":{"rendered":"POLITICA DE CALIDAD DE AUTOCARES"},"content":{"rendered":"<section  class='av_textblock_section av-jsn4sf41-c7181c9dd6ed6e3064c65cad7f45e2e2 '   itemscope=\"itemscope\" itemtype=\"https:\/\/schema.org\/CreativeWork\" ><div class='avia_textblock'  itemprop=\"text\" ><div class=\"page\" title=\"Page 1\">\n<div class=\"layoutArea\">\n<div class=\"column\">\n<h2 style=\"text-align: center;\"><strong>\u00a0Poli\u0301tica de Calidad de AUTOCARES MACI\u0301AS JIME\u0301NEZ, S.L.<\/strong><\/h2>\n<p style=\"text-align: justify;\">Como un paso ma\u0301s de la organizacio\u0301n que fundo\u0301 D. Salvador Maci\u0301as en 1971 con vocacio\u0301n de servicio a sus clientes y la poblacio\u0301n de Coi\u0301n se aprueba esta poli\u0301tica de Calidad y Gestio\u0301n Ambiental.<\/p>\n<p style=\"text-align: justify;\">La misio\u0301n y objetivo prioritario de AUTOCARES MACI\u0301AS JIME\u0301NEZ, S.L. es la plena satisfaccio\u0301n de sus clientes junto con el cumplimiento de requisitos legales ambientales y reglamentarios que son de aplicacio\u0301n a nuestra actividad, asi\u0301 como otros que AUTOCARES MACI\u0301AS JIME\u0301NEZ, S.L. suscriba.<\/p>\n<p style=\"text-align: justify;\">Para ello, AUTOCARES MACI\u0301AS JIME\u0301NEZ, S.L. acepta el compromiso de ofrecer la mayor Calidad y la ma\u0301s eficiente Gestio\u0301n Ambiental, asi\u0301 como el mejor servicio de forma que todos nuestros clientes (tanto externos como internos) cuenten con una empresa a su disposicio\u0301n para ofrecerles soluciones serias y responsables.<\/p>\n<p style=\"text-align: justify;\">Para ello, el sistema de Calidad y Gestio\u0301n Ambiental tiene como objetivos:<\/p>\n<ul>\n<li style=\"text-align: justify;\">\uf0b7 \u00a0Gestio\u0301n de la Calidad y Gestio\u0301n Ambiental de los servicios ofertados, entendiendo como tal la parte de la gestio\u0301n de la Calidad y Gestio\u0301n Ambiental orientada a proporcionar confianza en que se cumplira\u0301n los requisitos de la Calidad y Gestio\u0301n Ambiental y prevenir la contaminacio\u0301n.<\/li>\n<li style=\"text-align: justify;\">\uf0b7 \u00a0Establecer de forma perio\u0301dica una serie de objetivos planificados y coherentes con esta poli\u0301tica y su seguimiento, asi\u0301 como revisio\u0301n cuando proceda.<\/li>\n<li style=\"text-align: justify;\">\uf0b7 \u00a0Asegurar a nuestros clientes la mejor Calidad y Gestio\u0301n Ambiental posible en cada momento y garantizar que el servicio esta\u0301 reglado, los canales de comunicacio\u0301n\n<p>abiertos y las medidas correctoras para el tratamiento de las desviaciones, establecidas.<\/li>\n<li style=\"text-align: justify;\">\uf0b7 \u00a0Cumplimiento de los requisitos ofertados a los clientes, consolidando la confianza en AUTOCARES MACI\u0301AS JIME\u0301NEZ, S.L&#8230; Asi\u0301 como el cumplimiento de los requisitos legales y reglamentarios aplicables a nuestros servicios.<\/li>\n<li>\n<p style=\"text-align: justify;\">\uf0b7 \u00a0Mejora continua de los procesos y atencio\u0301n al cliente, asi\u0301 como asignacio\u0301n eficaz de funciones y responsabilidades.<br \/>\nPara la concienciacio\u0301n y motivacio\u0301n del personal de AUTOCARES MACI\u0301AS JIME\u0301NEZ, S.L. sobre la importancia de la implantacio\u0301n y desarrollo de un sistema de gestio\u0301n de la Calidad<\/p>\n<p style=\"text-align: justify;\">y Gestio\u0301n Ambiental la Direccio\u0301n comunica esta poli\u0301tica y revisa su adecuacio\u0301n a la realidad de la empresa y su entorno perio\u0301dicamente.<\/p>\n<p style=\"text-align: justify;\">Fuensanta Maci\u0301as<\/p>\n<p style=\"text-align: justify;\">Gerente de AUTOCARES MACI\u0301AS JIME\u0301NEZ, S.L. 10\/01\/2019<\/p>\n<\/li>\n<\/ul>\n<\/div>\n<\/div>\n<\/div>\n<\/div><\/section>\n","protected":false},"excerpt":{"rendered":"","protected":false},"author":1,"featured_media":0,"parent":0,"menu_order":0,"comment_status":"closed","ping_status":"closed","template":"","meta":{"footnotes":""},"class_list":["post-5014","page","type-page","status-publish","hentry"],"yoast_head":"<!-- This site is optimized with the Yoast SEO Premium plugin v25.7.1 (Yoast SEO v26.3) - https:\/\/yoast.com\/wordpress\/plugins\/seo\/ -->\n<title>POLITICA DE CALIDAD DE AUTOCARES - Autocares Mac\u00edas Jim\u00e9nez<\/title>\n<meta name=\"robots\" content=\"index, follow, max-snippet:-1, max-image-preview:large, max-video-preview:-1\" \/>\n<link rel=\"canonical\" href=\"https:\/\/autocaresmaciasjimenez.com\/Autocares\/politica-de-calidad-de-autocares\/\" \/>\n<meta property=\"og:locale\" content=\"es_ES\" \/>\n<meta property=\"og:type\" content=\"article\" \/>\n<meta property=\"og:title\" content=\"POLITICA DE CALIDAD DE AUTOCARES\" \/>\n<meta property=\"og:url\" content=\"https:\/\/autocaresmaciasjimenez.com\/Autocares\/politica-de-calidad-de-autocares\/\" \/>\n<meta property=\"og:site_name\" content=\"Autocares Mac\u00edas Jim\u00e9nez\" \/>\n<meta property=\"article:modified_time\" content=\"2019-02-27T11:43:55+00:00\" \/>\n<meta name=\"twitter:card\" content=\"summary_large_image\" \/>\n<meta name=\"twitter:label1\" content=\"Tiempo de lectura\" \/>\n\t<meta name=\"twitter:data1\" content=\"2 minutos\" \/>\n<script type=\"application\/ld+json\" class=\"yoast-schema-graph\">{\"@context\":\"https:\/\/schema.org\",\"@graph\":[{\"@type\":\"WebPage\",\"@id\":\"https:\/\/autocaresmaciasjimenez.com\/Autocares\/politica-de-calidad-de-autocares\/\",\"url\":\"https:\/\/autocaresmaciasjimenez.com\/Autocares\/politica-de-calidad-de-autocares\/\",\"name\":\"POLITICA DE CALIDAD DE AUTOCARES - Autocares Mac\u00edas Jim\u00e9nez\",\"isPartOf\":{\"@id\":\"https:\/\/autocaresmaciasjimenez.com\/Autocares\/#website\"},\"datePublished\":\"2019-02-27T11:43:54+00:00\",\"dateModified\":\"2019-02-27T11:43:55+00:00\",\"breadcrumb\":{\"@id\":\"https:\/\/autocaresmaciasjimenez.com\/Autocares\/politica-de-calidad-de-autocares\/#breadcrumb\"},\"inLanguage\":\"es\",\"potentialAction\":[{\"@type\":\"ReadAction\",\"target\":[\"https:\/\/autocaresmaciasjimenez.com\/Autocares\/politica-de-calidad-de-autocares\/\"]}]},{\"@type\":\"BreadcrumbList\",\"@id\":\"https:\/\/autocaresmaciasjimenez.com\/Autocares\/politica-de-calidad-de-autocares\/#breadcrumb\",\"itemListElement\":[{\"@type\":\"ListItem\",\"position\":1,\"name\":\"Portada\",\"item\":\"https:\/\/autocaresmaciasjimenez.com\/Autocares\/inicio\/\"},{\"@type\":\"ListItem\",\"position\":2,\"name\":\"POLITICA DE CALIDAD DE AUTOCARES\"}]},{\"@type\":\"WebSite\",\"@id\":\"https:\/\/autocaresmaciasjimenez.com\/Autocares\/#website\",\"url\":\"https:\/\/autocaresmaciasjimenez.com\/Autocares\/\",\"name\":\"Autocares Mac\u00edas Jim\u00e9nez\",\"description\":\"Arquiler de autocares y autobuses en toda Espa\u00f1a.\",\"potentialAction\":[{\"@type\":\"SearchAction\",\"target\":{\"@type\":\"EntryPoint\",\"urlTemplate\":\"https:\/\/autocaresmaciasjimenez.com\/Autocares\/?s={search_term_string}\"},\"query-input\":{\"@type\":\"PropertyValueSpecification\",\"valueRequired\":true,\"valueName\":\"search_term_string\"}}],\"inLanguage\":\"es\"}]}<\/script>\n<!-- \/ Yoast SEO Premium plugin. -->","yoast_head_json":{"title":"POLITICA DE CALIDAD DE AUTOCARES - Autocares Mac\u00edas Jim\u00e9nez","robots":{"index":"index","follow":"follow","max-snippet":"max-snippet:-1","max-image-preview":"max-image-preview:large","max-video-preview":"max-video-preview:-1"},"canonical":"https:\/\/autocaresmaciasjimenez.com\/Autocares\/politica-de-calidad-de-autocares\/","og_locale":"es_ES","og_type":"article","og_title":"POLITICA DE CALIDAD DE AUTOCARES","og_url":"https:\/\/autocaresmaciasjimenez.com\/Autocares\/politica-de-calidad-de-autocares\/","og_site_name":"Autocares Mac\u00edas Jim\u00e9nez","article_modified_time":"2019-02-27T11:43:55+00:00","twitter_card":"summary_large_image","twitter_misc":{"Tiempo de lectura":"2 minutos"},"schema":{"@context":"https:\/\/schema.org","@graph":[{"@type":"WebPage","@id":"https:\/\/autocaresmaciasjimenez.com\/Autocares\/politica-de-calidad-de-autocares\/","url":"https:\/\/autocaresmaciasjimenez.com\/Autocares\/politica-de-calidad-de-autocares\/","name":"POLITICA DE CALIDAD DE AUTOCARES - Autocares Mac\u00edas Jim\u00e9nez","isPartOf":{"@id":"https:\/\/autocaresmaciasjimenez.com\/Autocares\/#website"},"datePublished":"2019-02-27T11:43:54+00:00","dateModified":"2019-02-27T11:43:55+00:00","breadcrumb":{"@id":"https:\/\/autocaresmaciasjimenez.com\/Autocares\/politica-de-calidad-de-autocares\/#breadcrumb"},"inLanguage":"es","potentialAction":[{"@type":"ReadAction","target":["https:\/\/autocaresmaciasjimenez.com\/Autocares\/politica-de-calidad-de-autocares\/"]}]},{"@type":"BreadcrumbList","@id":"https:\/\/autocaresmaciasjimenez.com\/Autocares\/politica-de-calidad-de-autocares\/#breadcrumb","itemListElement":[{"@type":"ListItem","position":1,"name":"Portada","item":"https:\/\/autocaresmaciasjimenez.com\/Autocares\/inicio\/"},{"@type":"ListItem","position":2,"name":"POLITICA DE CALIDAD DE AUTOCARES"}]},{"@type":"WebSite","@id":"https:\/\/autocaresmaciasjimenez.com\/Autocares\/#website","url":"https:\/\/autocaresmaciasjimenez.com\/Autocares\/","name":"Autocares Mac\u00edas Jim\u00e9nez","description":"Arquiler de autocares y autobuses en toda Espa\u00f1a.","potentialAction":[{"@type":"SearchAction","target":{"@type":"EntryPoint","urlTemplate":"https:\/\/autocaresmaciasjimenez.com\/Autocares\/?s={search_term_string}"},"query-input":{"@type":"PropertyValueSpecification","valueRequired":true,"valueName":"search_term_string"}}],"inLanguage":"es"}]}},"_links":{"self":[{"href":"https:\/\/autocaresmaciasjimenez.com\/Autocares\/wp-json\/wp\/v2\/pages\/5014","targetHints":{"allow":["GET"]}}],"collection":[{"href":"https:\/\/autocaresmaciasjimenez.com\/Autocares\/wp-json\/wp\/v2\/pages"}],"about":[{"href":"https:\/\/autocaresmaciasjimenez.com\/Autocares\/wp-json\/wp\/v2\/types\/page"}],"author":[{"embeddable":true,"href":"https:\/\/autocaresmaciasjimenez.com\/Autocares\/wp-json\/wp\/v2\/users\/1"}],"replies":[{"embeddable":true,"href":"https:\/\/autocaresmaciasjimenez.com\/Autocares\/wp-json\/wp\/v2\/comments?post=5014"}],"version-history":[{"count":1,"href":"https:\/\/autocaresmaciasjimenez.com\/Autocares\/wp-json\/wp\/v2\/pages\/5014\/revisions"}],"predecessor-version":[{"id":5015,"href":"https:\/\/autocaresmaciasjimenez.com\/Autocares\/wp-json\/wp\/v2\/pages\/5014\/revisions\/5015"}],"wp:attachment":[{"href":"https:\/\/autocaresmaciasjimenez.com\/Autocares\/wp-json\/wp\/v2\/media?parent=5014"}],"curies":[{"name":"wp","href":"https:\/\/api.w.org\/{rel}","templated":true}]}}