{"id":4503,"date":"2019-02-13T12:48:39","date_gmt":"2019-02-13T11:48:39","guid":{"rendered":"https:\/\/autocaresmaciasjimenez.com\/Autocares\/?page_id=4503"},"modified":"2019-02-27T12:22:07","modified_gmt":"2019-02-27T11:22:07","slug":"blog","status":"publish","type":"page","link":"https:\/\/autocaresmaciasjimenez.com\/Autocares\/blog\/","title":{"rendered":"BLOG"},"content":{"rendered":"<div  class='av-alb-blogposts template-blog  av-blog-meta-html-info-disabled '  itemscope=\"itemscope\" itemtype=\"https:\/\/schema.org\/Blog\" ><article class=\"post-entry post-entry-type-standard post-entry-5071 post-loop-1 post-parity-odd single-big  post-5071 post type-post status-publish format-standard hentry category-news\"  itemscope=\"itemscope\" itemtype=\"https:\/\/schema.org\/BlogPosting\" ><div class=\"blog-meta\"><\/div><div class='entry-content-wrapper clearfix standard-content'><header class=\"entry-content-header\"><h2 class='post-title entry-title '  itemprop=\"headline\" ><a href=\"https:\/\/autocaresmaciasjimenez.com\/Autocares\/normas-de-seguridad-para-viajar-en-bus\/\" rel=\"bookmark\" title=\"Enlace permanente: Normas de Seguridad para viajar en Bus\">Normas de Seguridad para viajar en Bus<span class=\"post-format-icon minor-meta\"><\/span><\/a><\/h2><span class=\"post-meta-infos\"><time class=\"date-container minor-meta updated\"  itemprop=\"datePublished\" datetime=\"2019-03-08T12:15:13+01:00\" >8 de marzo de 2019<\/time><span class=\"text-sep\">\/<\/span><span class=\"comment-container minor-meta\"><a href=\"https:\/\/autocaresmaciasjimenez.com\/Autocares\/normas-de-seguridad-para-viajar-en-bus\/#respond\" class=\"comments-link\" >0 Comentarios<\/a><\/span><span class=\"text-sep\">\/<\/span><span class=\"blog-categories minor-meta\">en <a href=\"https:\/\/autocaresmaciasjimenez.com\/Autocares\/category\/news\/\" rel=\"tag\">News<\/a><\/span><span class=\"text-sep\">\/<\/span><span class=\"blog-author minor-meta\">por <span class=\"entry-author-link\"  itemprop=\"author\" ><span class=\"author\"><span class=\"fn\"><a href=\"https:\/\/autocaresmaciasjimenez.com\/Autocares\/author\/mar\/\" title=\"Entradas de Mar\" rel=\"author\">Mar<\/a><\/span><\/span><\/span><\/span><\/span><\/header><div class=\"entry-content\"  itemprop=\"text\" >\n<figure class=\"wp-block-embed-youtube wp-block-embed is-type-video is-provider-youtube wp-embed-aspect-16-9 wp-has-aspect-ratio\"><div class=\"wp-block-embed__wrapper\">\n<div class='avia-iframe-wrap'><iframe loading=\"lazy\" width=\"1500\" height=\"844\" src=\"https:\/\/www.youtube.com\/embed\/fPTKg_vB93c?feature=oembed\" frameborder=\"0\" allow=\"accelerometer; autoplay; encrypted-media; gyroscope; picture-in-picture\" allowfullscreen><\/iframe><\/div>\n<\/div><\/figure>\n\n\n\n<figure class=\"wp-block-embed\"><div class=\"wp-block-embed__wrapper\">\nhttps:\/\/youtu.be\/fPtkg_vB93c\n<\/div><\/figure>\n<\/div><footer class=\"entry-footer\"><\/footer><div class='post_delimiter'><\/div><\/div><div class=\"post_author_timeline\"><\/div><span class='hidden'>\n\t\t\t\t<span class='av-structured-data'  itemprop=\"image\" itemscope=\"itemscope\" itemtype=\"https:\/\/schema.org\/ImageObject\" >\n\t\t\t\t\t\t<span itemprop='url'>https:\/\/autocaresmaciasjimenez.com\/Autocares\/wp-content\/uploads\/2019\/03\/400dpiLogoCropped-1030x316.png<\/span>\n\t\t\t\t\t\t<span itemprop='height'>0<\/span>\n\t\t\t\t\t\t<span itemprop='width'>0<\/span>\n\t\t\t\t<\/span>\n\t\t\t\t<span class='av-structured-data'  itemprop=\"publisher\" itemtype=\"https:\/\/schema.org\/Organization\" itemscope=\"itemscope\" >\n\t\t\t\t\t\t<span itemprop='name'>Mar<\/span>\n\t\t\t\t\t\t<span itemprop='logo' itemscope itemtype='https:\/\/schema.org\/ImageObject'>\n\t\t\t\t\t\t\t<span itemprop='url'>https:\/\/autocaresmaciasjimenez.com\/Autocares\/wp-content\/uploads\/2019\/03\/400dpiLogoCropped-1030x316.png<\/span>\n\t\t\t\t\t\t<\/span>\n\t\t\t\t<\/span><span class='av-structured-data'  itemprop=\"author\" itemscope=\"itemscope\" itemtype=\"https:\/\/schema.org\/Person\" ><span itemprop='name'>Mar<\/span><\/span><span class='av-structured-data'  itemprop=\"datePublished\" datetime=\"2019-03-08T12:15:13+01:00\" >2019-03-08 12:15:13<\/span><span class='av-structured-data'  itemprop=\"dateModified\" itemtype=\"https:\/\/schema.org\/dateModified\" >2019-03-08 12:15:15<\/span><span class='av-structured-data'  itemprop=\"mainEntityOfPage\" itemtype=\"https:\/\/schema.org\/mainEntityOfPage\" ><span itemprop='name'>Normas de Seguridad para viajar en Bus<\/span><\/span><\/span><\/article><article class=\"post-entry post-entry-type-standard post-entry-5022 post-loop-2 post-parity-even single-big  post-5022 post type-post status-publish format-standard hentry category-news tag-agencia-de-viaje tag-autocares tag-colegios tag-excursiones tag-grupos tag-servicio-discrepcional tag-traslados\"  itemscope=\"itemscope\" itemtype=\"https:\/\/schema.org\/BlogPosting\" ><div class=\"blog-meta\"><\/div><div class='entry-content-wrapper clearfix standard-content'><header class=\"entry-content-header\"><h2 class='post-title entry-title '  itemprop=\"headline\" ><a href=\"https:\/\/autocaresmaciasjimenez.com\/Autocares\/nueva-adquisicion-y-nuevo-diseno\/\" rel=\"bookmark\" title=\"Enlace permanente: Nueva adquisici\u00f3n y nuevo dise\u00f1o\">Nueva adquisici\u00f3n y nuevo dise\u00f1o<span class=\"post-format-icon minor-meta\"><\/span><\/a><\/h2><span class=\"post-meta-infos\"><time class=\"date-container minor-meta updated\"  itemprop=\"datePublished\" datetime=\"2019-03-04T15:32:18+01:00\" >4 de marzo de 2019<\/time><span class=\"text-sep\">\/<\/span><span class=\"comment-container minor-meta\"><a href=\"https:\/\/autocaresmaciasjimenez.com\/Autocares\/nueva-adquisicion-y-nuevo-diseno\/#respond\" class=\"comments-link\" >0 Comentarios<\/a><\/span><span class=\"text-sep\">\/<\/span><span class=\"blog-categories minor-meta\">en <a href=\"https:\/\/autocaresmaciasjimenez.com\/Autocares\/category\/news\/\" rel=\"tag\">News<\/a><\/span><span class=\"text-sep\">\/<\/span><span class=\"blog-author minor-meta\">por <span class=\"entry-author-link\"  itemprop=\"author\" ><span class=\"author\"><span class=\"fn\"><a href=\"https:\/\/autocaresmaciasjimenez.com\/Autocares\/author\/mar\/\" title=\"Entradas de Mar\" rel=\"author\">Mar<\/a><\/span><\/span><\/span><\/span><\/span><\/header><div class=\"entry-content\"  itemprop=\"text\" >\n<p>El mes de Octubre del 2018 estrenamos nuestro nuevo bus con su nuevo dise\u00f1o, acorde a nuestro futuro empresarial como Servicio de Autocares y de agencia de Viajes para grupos<\/p>\n\n\n\n<figure class=\"wp-block-image\"><img loading=\"lazy\" decoding=\"async\" width=\"1030\" height=\"468\" src=\"https:\/\/autocaresmaciasjimenez.com\/Autocares\/wp-content\/uploads\/2019\/03\/bus-nuevo-1-1030x468.jpg\" alt=\"\" class=\"wp-image-5023\" srcset=\"https:\/\/autocaresmaciasjimenez.com\/Autocares\/wp-content\/uploads\/2019\/03\/bus-nuevo-1-1030x468.jpg 1030w, https:\/\/autocaresmaciasjimenez.com\/Autocares\/wp-content\/uploads\/2019\/03\/bus-nuevo-1-300x136.jpg 300w, https:\/\/autocaresmaciasjimenez.com\/Autocares\/wp-content\/uploads\/2019\/03\/bus-nuevo-1-768x349.jpg 768w, https:\/\/autocaresmaciasjimenez.com\/Autocares\/wp-content\/uploads\/2019\/03\/bus-nuevo-1-705x320.jpg 705w, https:\/\/autocaresmaciasjimenez.com\/Autocares\/wp-content\/uploads\/2019\/03\/bus-nuevo-1-450x204.jpg 450w, https:\/\/autocaresmaciasjimenez.com\/Autocares\/wp-content\/uploads\/2019\/03\/bus-nuevo-1.jpg 1247w\" sizes=\"auto, (max-width: 1030px) 100vw, 1030px\" \/><\/figure>\n\n\n\n<figure class=\"wp-block-image\"><img loading=\"lazy\" decoding=\"async\" width=\"1030\" height=\"773\" src=\"https:\/\/autocaresmaciasjimenez.com\/Autocares\/wp-content\/uploads\/2019\/03\/INTERIOR2-NUEVO-1030x773.jpg\" alt=\"\" class=\"wp-image-5024\" srcset=\"https:\/\/autocaresmaciasjimenez.com\/Autocares\/wp-content\/uploads\/2019\/03\/INTERIOR2-NUEVO-1030x773.jpg 1030w, https:\/\/autocaresmaciasjimenez.com\/Autocares\/wp-content\/uploads\/2019\/03\/INTERIOR2-NUEVO-300x225.jpg 300w, https:\/\/autocaresmaciasjimenez.com\/Autocares\/wp-content\/uploads\/2019\/03\/INTERIOR2-NUEVO-768x576.jpg 768w, https:\/\/autocaresmaciasjimenez.com\/Autocares\/wp-content\/uploads\/2019\/03\/INTERIOR2-NUEVO-1500x1125.jpg 1500w, https:\/\/autocaresmaciasjimenez.com\/Autocares\/wp-content\/uploads\/2019\/03\/INTERIOR2-NUEVO-705x529.jpg 705w, https:\/\/autocaresmaciasjimenez.com\/Autocares\/wp-content\/uploads\/2019\/03\/INTERIOR2-NUEVO-450x338.jpg 450w\" sizes=\"auto, (max-width: 1030px) 100vw, 1030px\" \/><figcaption>cof<\/figcaption><\/figure>\n<\/div><footer class=\"entry-footer\"><\/footer><div class='post_delimiter'><\/div><\/div><div class=\"post_author_timeline\"><\/div><span class='hidden'>\n\t\t\t\t<span class='av-structured-data'  itemprop=\"image\" itemscope=\"itemscope\" itemtype=\"https:\/\/schema.org\/ImageObject\" >\n\t\t\t\t\t\t<span itemprop='url'>https:\/\/autocaresmaciasjimenez.com\/Autocares\/wp-content\/uploads\/2019\/03\/400dpiLogoCropped-1030x316.png<\/span>\n\t\t\t\t\t\t<span itemprop='height'>0<\/span>\n\t\t\t\t\t\t<span itemprop='width'>0<\/span>\n\t\t\t\t<\/span>\n\t\t\t\t<span class='av-structured-data'  itemprop=\"publisher\" itemtype=\"https:\/\/schema.org\/Organization\" itemscope=\"itemscope\" >\n\t\t\t\t\t\t<span itemprop='name'>Mar<\/span>\n\t\t\t\t\t\t<span itemprop='logo' itemscope itemtype='https:\/\/schema.org\/ImageObject'>\n\t\t\t\t\t\t\t<span itemprop='url'>https:\/\/autocaresmaciasjimenez.com\/Autocares\/wp-content\/uploads\/2019\/03\/400dpiLogoCropped-1030x316.png<\/span>\n\t\t\t\t\t\t<\/span>\n\t\t\t\t<\/span><span class='av-structured-data'  itemprop=\"author\" itemscope=\"itemscope\" itemtype=\"https:\/\/schema.org\/Person\" ><span itemprop='name'>Mar<\/span><\/span><span class='av-structured-data'  itemprop=\"datePublished\" datetime=\"2019-03-04T15:32:18+01:00\" >2019-03-04 15:32:18<\/span><span class='av-structured-data'  itemprop=\"dateModified\" itemtype=\"https:\/\/schema.org\/dateModified\" >2019-03-04 15:32:21<\/span><span class='av-structured-data'  itemprop=\"mainEntityOfPage\" itemtype=\"https:\/\/schema.org\/mainEntityOfPage\" ><span itemprop='name'>Nueva adquisici\u00f3n y nuevo dise\u00f1o<\/span><\/span><\/span><\/article><article class=\"post-entry post-entry-type-standard post-entry-5018 post-loop-3 post-parity-odd post-entry-last single-big  post-5018 post type-post status-publish format-standard hentry category-news\"  itemscope=\"itemscope\" itemtype=\"https:\/\/schema.org\/BlogPosting\" ><div class=\"blog-meta\"><\/div><div class='entry-content-wrapper clearfix standard-content'><header class=\"entry-content-header\"><h2 class='post-title entry-title '  itemprop=\"headline\" ><a href=\"https:\/\/autocaresmaciasjimenez.com\/Autocares\/nuestra-aportacion-al-medio-ambiente\/\" rel=\"bookmark\" title=\"Enlace permanente: Nuestra aportaci\u00f3n al Medio Ambiente\">Nuestra aportaci\u00f3n al Medio Ambiente<span class=\"post-format-icon minor-meta\"><\/span><\/a><\/h2><span class=\"post-meta-infos\"><time class=\"date-container minor-meta updated\"  itemprop=\"datePublished\" datetime=\"2019-03-04T15:01:40+01:00\" >4 de marzo de 2019<\/time><span class=\"text-sep\">\/<\/span><span class=\"comment-container minor-meta\"><a href=\"https:\/\/autocaresmaciasjimenez.com\/Autocares\/nuestra-aportacion-al-medio-ambiente\/#respond\" class=\"comments-link\" >0 Comentarios<\/a><\/span><span class=\"text-sep\">\/<\/span><span class=\"blog-categories minor-meta\">en <a href=\"https:\/\/autocaresmaciasjimenez.com\/Autocares\/category\/news\/\" rel=\"tag\">News<\/a><\/span><span class=\"text-sep\">\/<\/span><span class=\"blog-author minor-meta\">por <span class=\"entry-author-link\"  itemprop=\"author\" ><span class=\"author\"><span class=\"fn\"><a href=\"https:\/\/autocaresmaciasjimenez.com\/Autocares\/author\/mar\/\" title=\"Entradas de Mar\" rel=\"author\">Mar<\/a><\/span><\/span><\/span><\/span><\/span><\/header><div class=\"entry-content\"  itemprop=\"text\" >\n<p> \u201cEn el 2018 Autocares Mac\u00edas Jim\u00e9nez ha conseguido, por medio de mejoras  en los procesos e instalaciones fijas de nuestro garaje, reducir sus  consumos de energ\u00eda el\u00e9ctrica con respecto al a\u00f1o anterior\u201d <\/p>\n\n\n\n<div class=\"wp-block-image\"><figure class=\"aligncenter is-resized\"><img loading=\"lazy\" decoding=\"async\" src=\"https:\/\/autocaresmaciasjimenez.com\/Autocares\/wp-content\/uploads\/2019\/03\/iluminaria.jpg\" alt=\"\" class=\"wp-image-5019\" width=\"168\" height=\"119\"\/><figcaption>Detalle Focos de Led<\/figcaption><\/figure><\/div>\n\n\n\n\n\n<figure class=\"wp-block-embed-youtube wp-block-embed is-type-video is-provider-youtube wp-embed-aspect-4-3 wp-has-aspect-ratio\"><div class=\"wp-block-embed__wrapper\">\n<div class='avia-iframe-wrap'><iframe loading=\"lazy\" width=\"1333\" height=\"1000\" src=\"https:\/\/www.youtube.com\/embed\/diD4o-Zj3zE?feature=oembed\" frameborder=\"0\" allow=\"accelerometer; autoplay; encrypted-media; gyroscope; picture-in-picture\" allowfullscreen><\/iframe><\/div>\n<\/div><\/figure>\n<\/div><footer class=\"entry-footer\"><\/footer><div class='post_delimiter'><\/div><\/div><div class=\"post_author_timeline\"><\/div><span class='hidden'>\n\t\t\t\t<span class='av-structured-data'  itemprop=\"image\" itemscope=\"itemscope\" itemtype=\"https:\/\/schema.org\/ImageObject\" >\n\t\t\t\t\t\t<span itemprop='url'>https:\/\/autocaresmaciasjimenez.com\/Autocares\/wp-content\/uploads\/2019\/03\/400dpiLogoCropped-1030x316.png<\/span>\n\t\t\t\t\t\t<span itemprop='height'>0<\/span>\n\t\t\t\t\t\t<span itemprop='width'>0<\/span>\n\t\t\t\t<\/span>\n\t\t\t\t<span class='av-structured-data'  itemprop=\"publisher\" itemtype=\"https:\/\/schema.org\/Organization\" itemscope=\"itemscope\" >\n\t\t\t\t\t\t<span itemprop='name'>Mar<\/span>\n\t\t\t\t\t\t<span itemprop='logo' itemscope itemtype='https:\/\/schema.org\/ImageObject'>\n\t\t\t\t\t\t\t<span itemprop='url'>https:\/\/autocaresmaciasjimenez.com\/Autocares\/wp-content\/uploads\/2019\/03\/400dpiLogoCropped-1030x316.png<\/span>\n\t\t\t\t\t\t<\/span>\n\t\t\t\t<\/span><span class='av-structured-data'  itemprop=\"author\" itemscope=\"itemscope\" itemtype=\"https:\/\/schema.org\/Person\" ><span itemprop='name'>Mar<\/span><\/span><span class='av-structured-data'  itemprop=\"datePublished\" datetime=\"2019-03-04T15:01:40+01:00\" >2019-03-04 15:01:40<\/span><span class='av-structured-data'  itemprop=\"dateModified\" itemtype=\"https:\/\/schema.org\/dateModified\" >2019-03-08 12:01:12<\/span><span class='av-structured-data'  itemprop=\"mainEntityOfPage\" itemtype=\"https:\/\/schema.org\/mainEntityOfPage\" ><span itemprop='name'>Nuestra aportaci\u00f3n al Medio Ambiente<\/span><\/span><\/span><\/article><div class='single-big'><\/div><\/div>\n","protected":false},"excerpt":{"rendered":"","protected":false},"author":1,"featured_media":0,"parent":0,"menu_order":0,"comment_status":"closed","ping_status":"closed","template":"","meta":{"footnotes":""},"class_list":["post-4503","page","type-page","status-publish","hentry"],"yoast_head":"<!-- This site is optimized with the Yoast SEO Premium plugin v25.7.1 (Yoast SEO v26.3) - https:\/\/yoast.com\/wordpress\/plugins\/seo\/ -->\n<title>BLOG - Autocares Mac\u00edas Jim\u00e9nez<\/title>\n<meta name=\"robots\" content=\"index, follow, max-snippet:-1, max-image-preview:large, max-video-preview:-1\" \/>\n<link rel=\"canonical\" href=\"https:\/\/autocaresmaciasjimenez.com\/Autocares\/blog\/\" \/>\n<meta property=\"og:locale\" content=\"es_ES\" \/>\n<meta property=\"og:type\" content=\"article\" \/>\n<meta property=\"og:title\" content=\"BLOG\" \/>\n<meta property=\"og:url\" content=\"https:\/\/autocaresmaciasjimenez.com\/Autocares\/blog\/\" \/>\n<meta property=\"og:site_name\" content=\"Autocares Mac\u00edas Jim\u00e9nez\" \/>\n<meta property=\"article:modified_time\" content=\"2019-02-27T11:22:07+00:00\" \/>\n<meta name=\"twitter:card\" content=\"summary_large_image\" \/>\n<script type=\"application\/ld+json\" class=\"yoast-schema-graph\">{\"@context\":\"https:\/\/schema.org\",\"@graph\":[{\"@type\":\"WebPage\",\"@id\":\"https:\/\/autocaresmaciasjimenez.com\/Autocares\/blog\/\",\"url\":\"https:\/\/autocaresmaciasjimenez.com\/Autocares\/blog\/\",\"name\":\"BLOG - Autocares Mac\u00edas Jim\u00e9nez\",\"isPartOf\":{\"@id\":\"https:\/\/autocaresmaciasjimenez.com\/Autocares\/#website\"},\"datePublished\":\"2019-02-13T11:48:39+00:00\",\"dateModified\":\"2019-02-27T11:22:07+00:00\",\"breadcrumb\":{\"@id\":\"https:\/\/autocaresmaciasjimenez.com\/Autocares\/blog\/#breadcrumb\"},\"inLanguage\":\"es\",\"potentialAction\":[{\"@type\":\"ReadAction\",\"target\":[\"https:\/\/autocaresmaciasjimenez.com\/Autocares\/blog\/\"]}]},{\"@type\":\"BreadcrumbList\",\"@id\":\"https:\/\/autocaresmaciasjimenez.com\/Autocares\/blog\/#breadcrumb\",\"itemListElement\":[{\"@type\":\"ListItem\",\"position\":1,\"name\":\"Portada\",\"item\":\"https:\/\/autocaresmaciasjimenez.com\/Autocares\/inicio\/\"},{\"@type\":\"ListItem\",\"position\":2,\"name\":\"BLOG\"}]},{\"@type\":\"WebSite\",\"@id\":\"https:\/\/autocaresmaciasjimenez.com\/Autocares\/#website\",\"url\":\"https:\/\/autocaresmaciasjimenez.com\/Autocares\/\",\"name\":\"Autocares Mac\u00edas Jim\u00e9nez\",\"description\":\"Arquiler de autocares y autobuses en toda Espa\u00f1a.\",\"potentialAction\":[{\"@type\":\"SearchAction\",\"target\":{\"@type\":\"EntryPoint\",\"urlTemplate\":\"https:\/\/autocaresmaciasjimenez.com\/Autocares\/?s={search_term_string}\"},\"query-input\":{\"@type\":\"PropertyValueSpecification\",\"valueRequired\":true,\"valueName\":\"search_term_string\"}}],\"inLanguage\":\"es\"}]}<\/script>\n<!-- \/ Yoast SEO Premium plugin. -->","yoast_head_json":{"title":"BLOG - Autocares Mac\u00edas Jim\u00e9nez","robots":{"index":"index","follow":"follow","max-snippet":"max-snippet:-1","max-image-preview":"max-image-preview:large","max-video-preview":"max-video-preview:-1"},"canonical":"https:\/\/autocaresmaciasjimenez.com\/Autocares\/blog\/","og_locale":"es_ES","og_type":"article","og_title":"BLOG","og_url":"https:\/\/autocaresmaciasjimenez.com\/Autocares\/blog\/","og_site_name":"Autocares Mac\u00edas Jim\u00e9nez","article_modified_time":"2019-02-27T11:22:07+00:00","twitter_card":"summary_large_image","schema":{"@context":"https:\/\/schema.org","@graph":[{"@type":"WebPage","@id":"https:\/\/autocaresmaciasjimenez.com\/Autocares\/blog\/","url":"https:\/\/autocaresmaciasjimenez.com\/Autocares\/blog\/","name":"BLOG - Autocares Mac\u00edas Jim\u00e9nez","isPartOf":{"@id":"https:\/\/autocaresmaciasjimenez.com\/Autocares\/#website"},"datePublished":"2019-02-13T11:48:39+00:00","dateModified":"2019-02-27T11:22:07+00:00","breadcrumb":{"@id":"https:\/\/autocaresmaciasjimenez.com\/Autocares\/blog\/#breadcrumb"},"inLanguage":"es","potentialAction":[{"@type":"ReadAction","target":["https:\/\/autocaresmaciasjimenez.com\/Autocares\/blog\/"]}]},{"@type":"BreadcrumbList","@id":"https:\/\/autocaresmaciasjimenez.com\/Autocares\/blog\/#breadcrumb","itemListElement":[{"@type":"ListItem","position":1,"name":"Portada","item":"https:\/\/autocaresmaciasjimenez.com\/Autocares\/inicio\/"},{"@type":"ListItem","position":2,"name":"BLOG"}]},{"@type":"WebSite","@id":"https:\/\/autocaresmaciasjimenez.com\/Autocares\/#website","url":"https:\/\/autocaresmaciasjimenez.com\/Autocares\/","name":"Autocares Mac\u00edas Jim\u00e9nez","description":"Arquiler de autocares y autobuses en toda Espa\u00f1a.","potentialAction":[{"@type":"SearchAction","target":{"@type":"EntryPoint","urlTemplate":"https:\/\/autocaresmaciasjimenez.com\/Autocares\/?s={search_term_string}"},"query-input":{"@type":"PropertyValueSpecification","valueRequired":true,"valueName":"search_term_string"}}],"inLanguage":"es"}]}},"_links":{"self":[{"href":"https:\/\/autocaresmaciasjimenez.com\/Autocares\/wp-json\/wp\/v2\/pages\/4503","targetHints":{"allow":["GET"]}}],"collection":[{"href":"https:\/\/autocaresmaciasjimenez.com\/Autocares\/wp-json\/wp\/v2\/pages"}],"about":[{"href":"https:\/\/autocaresmaciasjimenez.com\/Autocares\/wp-json\/wp\/v2\/types\/page"}],"author":[{"embeddable":true,"href":"https:\/\/autocaresmaciasjimenez.com\/Autocares\/wp-json\/wp\/v2\/users\/1"}],"replies":[{"embeddable":true,"href":"https:\/\/autocaresmaciasjimenez.com\/Autocares\/wp-json\/wp\/v2\/comments?post=4503"}],"version-history":[{"count":1,"href":"https:\/\/autocaresmaciasjimenez.com\/Autocares\/wp-json\/wp\/v2\/pages\/4503\/revisions"}],"predecessor-version":[{"id":4504,"href":"https:\/\/autocaresmaciasjimenez.com\/Autocares\/wp-json\/wp\/v2\/pages\/4503\/revisions\/4504"}],"wp:attachment":[{"href":"https:\/\/autocaresmaciasjimenez.com\/Autocares\/wp-json\/wp\/v2\/media?parent=4503"}],"curies":[{"name":"wp","href":"https:\/\/api.w.org\/{rel}","templated":true}]}}