{"id":1737,"date":"2019-02-12T19:08:41","date_gmt":"2019-02-12T18:08:41","guid":{"rendered":"https:\/\/autocaresmaciasjimenez.com\/Autocares\/?page_id=1737"},"modified":"2019-02-12T20:11:41","modified_gmt":"2019-02-12T19:11:41","slug":"trasporte-escolar-2","status":"publish","type":"page","link":"https:\/\/autocaresmaciasjimenez.com\/Autocares\/trasporte-escolar-2\/","title":{"rendered":"Servicio discrecional"},"content":{"rendered":"\n<style type=\"text\/css\" data-created_by=\"avia_inline_auto\" id=\"style-css-av-93p8ex-813da2f78b2df587127409e6c7a662b1\">\n.flex_column.av-93p8ex-813da2f78b2df587127409e6c7a662b1{\nborder-radius:0px 0px 0px 0px;\npadding:0px 0px 0px 0px;\n}\n<\/style>\n<div  class='flex_column av-93p8ex-813da2f78b2df587127409e6c7a662b1 av_one_fifth  avia-builder-el-0  el_before_av_one_fifth  avia-builder-el-first  first flex_column_div av-zero-column-padding  '     ><style type=\"text\/css\" data-created_by=\"avia_inline_auto\" id=\"style-css-av-js239m3n-2e3ecc6e005e8f84bda4595ebf9e96fb\">\n.avia-image-container.av-js239m3n-2e3ecc6e005e8f84bda4595ebf9e96fb img.avia_image{\nbox-shadow:none;\n}\n.avia-image-container.av-js239m3n-2e3ecc6e005e8f84bda4595ebf9e96fb .av-caption-image-overlay-bg{\nopacity:0.4;\nbackground-color:#000000;\n}\n.avia-image-container.av-js239m3n-2e3ecc6e005e8f84bda4595ebf9e96fb .av-image-caption-overlay-center{\ncolor:#ffffff;\n}\n<\/style>\n<div  class='avia-image-container av-js239m3n-2e3ecc6e005e8f84bda4595ebf9e96fb av-styling- avia-align-center  avia-builder-el-1  avia-builder-el-no-sibling  noHover av-overlay-hover-deactivate'   itemprop=\"image\" itemscope=\"itemscope\" itemtype=\"https:\/\/schema.org\/ImageObject\" ><div class=\"avia-image-container-inner\"><div class=\"avia-image-overlay-wrap\"><a href=\"https:\/\/autocaresmaciasjimenez.com\/Autocares\/portfolio-item\/transfers\/\" class='avia_image'  aria-label='bus (1)'><div class=\"av-image-caption-overlay\"><div class=\"av-caption-image-overlay-bg\"><\/div><div class=\"av-image-caption-overlay-position\"><div class=\"av-image-caption-overlay-center\"><p>TRANSFERS<\/p>\n<\/div><\/div><\/div><img fetchpriority=\"high\" class='wp-image-1605 avia-img-lazy-loading-not-1605 avia_image ' src='https:\/\/autocaresmaciasjimenez.com\/Autocares\/wp-content\/uploads\/2019\/02\/bus-1-1-180x180.png' alt='' title='bus (1)'  height=\"180\" width=\"180\"  itemprop=\"thumbnailUrl\"  \/><\/a><\/div><\/div><\/div><\/div>\n<style type=\"text\/css\" data-created_by=\"avia_inline_auto\" id=\"style-css-av-8921wp-6721bec6f800a127d5823d7126dae742\">\n.flex_column.av-8921wp-6721bec6f800a127d5823d7126dae742{\nborder-radius:0px 0px 0px 0px;\npadding:0px 0px 0px 0px;\n}\n<\/style>\n<div  class='flex_column av-8921wp-6721bec6f800a127d5823d7126dae742 av_one_fifth  avia-builder-el-2  el_after_av_one_fifth  el_before_av_one_fifth  flex_column_div av-zero-column-padding  '     ><style type=\"text\/css\" data-created_by=\"avia_inline_auto\" id=\"style-css-av-js239m3n-e52946092cc0a4ca0656678d122ee002\">\n.avia-image-container.av-js239m3n-e52946092cc0a4ca0656678d122ee002 img.avia_image{\nbox-shadow:none;\n}\n.avia-image-container.av-js239m3n-e52946092cc0a4ca0656678d122ee002 .av-caption-image-overlay-bg{\nopacity:0.4;\nbackground-color:#000000;\n}\n.avia-image-container.av-js239m3n-e52946092cc0a4ca0656678d122ee002 .av-image-caption-overlay-center{\ncolor:#ffffff;\n}\n<\/style>\n<div  class='avia-image-container av-js239m3n-e52946092cc0a4ca0656678d122ee002 av-styling- avia-align-center  avia-builder-el-3  avia-builder-el-no-sibling  noHover av-overlay-hover-deactivate'   itemprop=\"image\" itemscope=\"itemscope\" itemtype=\"https:\/\/schema.org\/ImageObject\" ><div class=\"avia-image-container-inner\"><div class=\"avia-image-overlay-wrap\"><a href=\"https:\/\/autocaresmaciasjimenez.com\/Autocares\/portfolio-item\/transfers-2\/\" class='avia_image'  aria-label='family'><div class=\"av-image-caption-overlay\"><div class=\"av-caption-image-overlay-bg\"><\/div><div class=\"av-image-caption-overlay-position\"><div class=\"av-image-caption-overlay-center\"><p>EXCUSIONES<br \/>\nVIAJES<\/p>\n<\/div><\/div><\/div><img fetchpriority=\"high\" class='wp-image-1609 avia-img-lazy-loading-not-1609 avia_image ' src='https:\/\/autocaresmaciasjimenez.com\/Autocares\/wp-content\/uploads\/2019\/02\/family-1-180x180.png' alt='' title='family'  height=\"180\" width=\"180\"  itemprop=\"thumbnailUrl\"  \/><\/a><\/div><\/div><\/div><\/div>\n<style type=\"text\/css\" data-created_by=\"avia_inline_auto\" id=\"style-css-av-lpac9-4109d7121e703f8f2ffbef1cd2bc1a7b\">\n.flex_column.av-lpac9-4109d7121e703f8f2ffbef1cd2bc1a7b{\nborder-radius:0px 0px 0px 0px;\npadding:0px 0px 0px 0px;\n}\n<\/style>\n<div  class='flex_column av-lpac9-4109d7121e703f8f2ffbef1cd2bc1a7b av_one_fifth  avia-builder-el-4  el_after_av_one_fifth  el_before_av_one_fifth  flex_column_div av-zero-column-padding  '     ><style type=\"text\/css\" data-created_by=\"avia_inline_auto\" id=\"style-css-av-js239m3n-86ceea89cd9ea79ac080b8eb9a2fab5c\">\n.avia-image-container.av-js239m3n-86ceea89cd9ea79ac080b8eb9a2fab5c img.avia_image{\nbox-shadow:none;\n}\n.avia-image-container.av-js239m3n-86ceea89cd9ea79ac080b8eb9a2fab5c .av-caption-image-overlay-bg{\nopacity:0.4;\nbackground-color:#000000;\n}\n.avia-image-container.av-js239m3n-86ceea89cd9ea79ac080b8eb9a2fab5c .av-image-caption-overlay-center{\ncolor:#ffffff;\n}\n<\/style>\n<div  class='avia-image-container av-js239m3n-86ceea89cd9ea79ac080b8eb9a2fab5c av-styling- avia-align-center  avia-builder-el-5  avia-builder-el-no-sibling  noHover av-overlay-hover-deactivate'   itemprop=\"image\" itemscope=\"itemscope\" itemtype=\"https:\/\/schema.org\/ImageObject\" ><div class=\"avia-image-container-inner\"><div class=\"avia-image-overlay-wrap\"><a href=\"https:\/\/autocaresmaciasjimenez.com\/Autocares\/portfolio-item\/servicios-bodas\/\" class='avia_image'  aria-label='marry-me'><div class=\"av-image-caption-overlay\"><div class=\"av-caption-image-overlay-bg\"><\/div><div class=\"av-image-caption-overlay-position\"><div class=\"av-image-caption-overlay-center\"><p>BODAS<\/p>\n<\/div><\/div><\/div><img fetchpriority=\"high\" class='wp-image-1611 avia-img-lazy-loading-not-1611 avia_image ' src='https:\/\/autocaresmaciasjimenez.com\/Autocares\/wp-content\/uploads\/2019\/02\/marry-me-1-180x180.png' alt='' title='marry-me'  height=\"180\" width=\"180\"  itemprop=\"thumbnailUrl\"  \/><\/a><\/div><\/div><\/div><\/div>\n<style type=\"text\/css\" data-created_by=\"avia_inline_auto\" id=\"style-css-av-4mlz9l-aab7417a2bfad9a90408af83a33cf08b\">\n.flex_column.av-4mlz9l-aab7417a2bfad9a90408af83a33cf08b{\nborder-radius:0px 0px 0px 0px;\npadding:0px 0px 0px 0px;\n}\n<\/style>\n<div  class='flex_column av-4mlz9l-aab7417a2bfad9a90408af83a33cf08b av_one_fifth  avia-builder-el-6  el_after_av_one_fifth  el_before_av_one_fifth  flex_column_div av-zero-column-padding  '     ><style type=\"text\/css\" data-created_by=\"avia_inline_auto\" id=\"style-css-av-js239m3n-62ca13471e52c793ecf5668cd4e4eebe\">\n.avia-image-container.av-js239m3n-62ca13471e52c793ecf5668cd4e4eebe img.avia_image{\nbox-shadow:none;\n}\n.avia-image-container.av-js239m3n-62ca13471e52c793ecf5668cd4e4eebe .av-caption-image-overlay-bg{\nopacity:0.4;\nbackground-color:#000000;\n}\n.avia-image-container.av-js239m3n-62ca13471e52c793ecf5668cd4e4eebe .av-image-caption-overlay-center{\ncolor:#ffffff;\n}\n<\/style>\n<div  class='avia-image-container av-js239m3n-62ca13471e52c793ecf5668cd4e4eebe av-styling- avia-align-center  avia-builder-el-7  avia-builder-el-no-sibling  noHover av-overlay-hover-deactivate'   itemprop=\"image\" itemscope=\"itemscope\" itemtype=\"https:\/\/schema.org\/ImageObject\" ><div class=\"avia-image-container-inner\"><div class=\"avia-image-overlay-wrap\"><a href=\"https:\/\/autocaresmaciasjimenez.com\/Autocares\/portfolio-item\/transfers-2-2\/\" class='avia_image'  aria-label='floating-balloons'><div class=\"av-image-caption-overlay\"><div class=\"av-caption-image-overlay-bg\"><\/div><div class=\"av-image-caption-overlay-position\"><div class=\"av-image-caption-overlay-center\"><p>DESPEDIDAS<br \/>\nFIESTAS<\/p>\n<\/div><\/div><\/div><img fetchpriority=\"high\" class='wp-image-1610 avia-img-lazy-loading-not-1610 avia_image ' src='https:\/\/autocaresmaciasjimenez.com\/Autocares\/wp-content\/uploads\/2019\/02\/floating-balloons-180x180.png' alt='' title='floating-balloons'  height=\"180\" width=\"180\"  itemprop=\"thumbnailUrl\"  \/><\/a><\/div><\/div><\/div><\/div>\n<style type=\"text\/css\" data-created_by=\"avia_inline_auto\" id=\"style-css-av-a9z8p-3c589369c9105da41f44e3cd53f0da7a\">\n.flex_column.av-a9z8p-3c589369c9105da41f44e3cd53f0da7a{\nborder-radius:0px 0px 0px 0px;\npadding:0px 0px 0px 0px;\n}\n<\/style>\n<div  class='flex_column av-a9z8p-3c589369c9105da41f44e3cd53f0da7a av_one_fifth  avia-builder-el-8  el_after_av_one_fifth  el_before_av_three_fifth  flex_column_div av-zero-column-padding  '     ><style type=\"text\/css\" data-created_by=\"avia_inline_auto\" id=\"style-css-av-js239m3n-587dd8dd2f3d7d9a88d7afc47d9f068c\">\n.avia-image-container.av-js239m3n-587dd8dd2f3d7d9a88d7afc47d9f068c img.avia_image{\nbox-shadow:none;\n}\n.avia-image-container.av-js239m3n-587dd8dd2f3d7d9a88d7afc47d9f068c .av-caption-image-overlay-bg{\nopacity:0.4;\nbackground-color:#000000;\n}\n.avia-image-container.av-js239m3n-587dd8dd2f3d7d9a88d7afc47d9f068c .av-image-caption-overlay-center{\ncolor:#ffffff;\n}\n<\/style>\n<div  class='avia-image-container av-js239m3n-587dd8dd2f3d7d9a88d7afc47d9f068c av-styling- avia-align-center  avia-builder-el-9  avia-builder-el-no-sibling  noHover av-overlay-hover-deactivate'   itemprop=\"image\" itemscope=\"itemscope\" itemtype=\"https:\/\/schema.org\/ImageObject\" ><div class=\"avia-image-container-inner\"><div class=\"avia-image-overlay-wrap\"><a href=\"https:\/\/autocaresmaciasjimenez.com\/Autocares\/portfolio-item\/transfers-2-2-2\/\" class='avia_image'  aria-label='briefcase'><div class=\"av-image-caption-overlay\"><div class=\"av-caption-image-overlay-bg\"><\/div><div class=\"av-image-caption-overlay-position\"><div class=\"av-image-caption-overlay-center\"><p>VIAJE EMPRESAS<\/p>\n<\/div><\/div><\/div><img fetchpriority=\"high\" class='wp-image-1604 avia-img-lazy-loading-not-1604 avia_image ' src='https:\/\/autocaresmaciasjimenez.com\/Autocares\/wp-content\/uploads\/2019\/02\/briefcase-180x180.png' alt='' title='briefcase'  height=\"180\" width=\"180\"  itemprop=\"thumbnailUrl\"  \/><\/a><\/div><\/div><\/div><\/div>\n<style type=\"text\/css\" data-created_by=\"avia_inline_auto\" id=\"style-css-av-198vh4-80eb22b7a9a5824ce8434ef893a8b3e3\">\n.flex_column.av-198vh4-80eb22b7a9a5824ce8434ef893a8b3e3{\nborder-radius:0px 0px 0px 0px;\npadding:0px 0px 0px 0px;\n}\n<\/style>\n<div  class='flex_column av-198vh4-80eb22b7a9a5824ce8434ef893a8b3e3 av_three_fifth  avia-builder-el-10  el_after_av_one_fifth  el_before_av_one_third  first flex_column_div av-zero-column-padding  column-top-margin'     ><form action=\"https:\/\/autocaresmaciasjimenez.com\/Autocares\/trasporte-escolar-2\/\" method=\"post\" data-fields-with-error=\"Found errors in the following field(s):\" class=\"avia_ajax_form av-form-labels-visible   avia-builder-el-11  avia-builder-el-no-sibling   \" data-avia-form-id=\"1\" data-avia-redirect='' ><h3 class=''>Solicite presupuesto<\/h3><fieldset><p class='  first_form  form_element form_fullwidth' id='element_avia_1_1'><label for=\"avia_1_1\">Nombre <abbr class=\"required\" title=\"requerido\">*<\/abbr><\/label> <input name=\"avia_1_1\" class=\"text_input is_empty\" type=\"text\" id=\"avia_1_1\" value=\"\" \/><\/p><p class='  first_form  form_element form_fullwidth' id='element_avia_2_1'><label for=\"avia_2_1\">Tel\u00e9fono <abbr class=\"required\" title=\"requerido\">*<\/abbr><\/label> <input name=\"avia_2_1\" class=\"text_input is_empty\" type=\"text\" id=\"avia_2_1\" value=\"\" \/><\/p><p class='  first_form  form_element form_fullwidth' id='element_avia_3_1'><label for=\"avia_3_1\">Correo electr\u00f3nico <abbr class=\"required\" title=\"requerido\">*<\/abbr><\/label> <input name=\"avia_3_1\" class=\"text_input is_email\" type=\"text\" id=\"avia_3_1\" value=\"\" \/><\/p><p class='  first_form  form_element form_fullwidth' id='element_avia_4_1'><label for=\"avia_4_1\">Asunto <abbr class=\"required\" title=\"requerido\">*<\/abbr><\/label> <input name=\"avia_4_1\" class=\"text_input is_empty\" type=\"text\" id=\"avia_4_1\" value=\"\" \/><\/p><p class='  first_form  form_element form_fullwidth' id='element_avia_5_1'><label for=\"avia_5_1\" class=\"textare_label hidden textare_label_avia_5_1\">Mensaje <abbr class=\"required\" title=\"requerido\">*<\/abbr><\/label><textarea  name=\"avia_5_1\" class=\"text_area is_empty\" cols=\"40\" rows=\"7\" id=\"avia_5_1\" ><\/textarea><\/p><p class=\"hidden\"><input type=\"text\" name=\"avia_6_1\" class=\"hidden \" id=\"avia_6_1\" value=\"\" \/><\/p><p class='   form_element form_fullwidth' id='element_avia_7_1'><span class='value_verifier_label'>6 + 2 = ?<\/span><input name=\"avia_7_1_verifier\" type=\"hidden\" id=\"avia_7_1_verifier\" value=\"741378235\"\/><label for=\"avia_7_1\">Para mayor seguridad, responde la siguiente pregunta <abbr class=\"required\" title=\"requerido\">*<\/abbr><\/label><input name=\"avia_7_1\" class=\"text_input captcha\" type=\"text\" id=\"avia_7_1\" value=\"\"\/><\/p><p class=\"form_element \"><input type=\"hidden\" value=\"1\" name=\"avia_generated_form1\" \/><input type=\"submit\" value=\"Enviar\" class=\"button\"  data-sending-label=\"Enviando\"\/><\/p><\/fieldset><\/form><div id=\"ajaxresponse_1\" class=\"ajaxresponse ajaxresponse_1 hidden\"><\/div><\/div><\/p>\n\n<style type=\"text\/css\" data-created_by=\"avia_inline_auto\" id=\"style-css-av-1fpfe0-af5b019a51bdf1412044ad614a622bf2\">\n.flex_column.av-1fpfe0-af5b019a51bdf1412044ad614a622bf2{\nborder-radius:0px 0px 0px 0px;\npadding:0px 0px 0px 0px;\n}\n<\/style>\n<div  class='flex_column av-1fpfe0-af5b019a51bdf1412044ad614a622bf2 av_one_third  avia-builder-el-12  el_after_av_three_fifth  avia-builder-el-last  flex_column_div av-zero-column-padding  column-top-margin'     ><style type=\"text\/css\" data-created_by=\"avia_inline_auto\" id=\"style-css-av-js23garw-1137371959064429d9a894996b839ea9\">\n.avia-image-container.av-js23garw-1137371959064429d9a894996b839ea9 img.avia_image{\nbox-shadow:none;\n}\n.avia-image-container.av-js23garw-1137371959064429d9a894996b839ea9 .av-image-caption-overlay-center{\ncolor:#ffffff;\n}\n<\/style>\n<div  class='avia-image-container av-js23garw-1137371959064429d9a894996b839ea9 av-styling- avia-align-center  avia-builder-el-13  avia-builder-el-no-sibling '   itemprop=\"image\" itemscope=\"itemscope\" itemtype=\"https:\/\/schema.org\/ImageObject\" ><div class=\"avia-image-container-inner\"><div class=\"avia-image-overlay-wrap\"><img fetchpriority=\"high\" class='wp-image-1625 avia-img-lazy-loading-not-1625 avia_image ' src='https:\/\/autocaresmaciasjimenez.com\/Autocares\/wp-content\/uploads\/2019\/02\/trafico-vehiculos-reflexiones-urbano-ciudad_1112-973-495x400.jpg' alt='' title='trafico-vehiculos-reflexiones-urbano-ciudad_1112-973'  height=\"400\" width=\"495\"  itemprop=\"thumbnailUrl\"  \/><\/div><\/div><\/div><\/div>\n","protected":false},"excerpt":{"rendered":"","protected":false},"author":1,"featured_media":0,"parent":0,"menu_order":0,"comment_status":"closed","ping_status":"open","template":"","meta":{"footnotes":""},"class_list":["post-1737","page","type-page","status-publish","hentry"],"yoast_head":"<!-- This site is optimized with the Yoast SEO Premium plugin v25.7.1 (Yoast SEO v26.3) - https:\/\/yoast.com\/wordpress\/plugins\/seo\/ -->\n<title>Servicio discrecional - Autocares Mac\u00edas Jim\u00e9nez<\/title>\n<meta name=\"robots\" content=\"index, follow, max-snippet:-1, max-image-preview:large, max-video-preview:-1\" \/>\n<link rel=\"canonical\" href=\"https:\/\/autocaresmaciasjimenez.com\/Autocares\/trasporte-escolar-2\/\" \/>\n<meta property=\"og:locale\" content=\"es_ES\" \/>\n<meta property=\"og:type\" content=\"article\" \/>\n<meta property=\"og:title\" content=\"Servicio discrecional\" \/>\n<meta property=\"og:url\" content=\"https:\/\/autocaresmaciasjimenez.com\/Autocares\/trasporte-escolar-2\/\" \/>\n<meta property=\"og:site_name\" content=\"Autocares Mac\u00edas Jim\u00e9nez\" \/>\n<meta property=\"article:modified_time\" content=\"2019-02-12T19:11:41+00:00\" \/>\n<meta name=\"twitter:card\" content=\"summary_large_image\" \/>\n<meta name=\"twitter:label1\" content=\"Tiempo de lectura\" \/>\n\t<meta name=\"twitter:data1\" content=\"7 minutos\" \/>\n<script type=\"application\/ld+json\" class=\"yoast-schema-graph\">{\"@context\":\"https:\/\/schema.org\",\"@graph\":[{\"@type\":\"WebPage\",\"@id\":\"https:\/\/autocaresmaciasjimenez.com\/Autocares\/trasporte-escolar-2\/\",\"url\":\"https:\/\/autocaresmaciasjimenez.com\/Autocares\/trasporte-escolar-2\/\",\"name\":\"Servicio discrecional - Autocares Mac\u00edas Jim\u00e9nez\",\"isPartOf\":{\"@id\":\"https:\/\/autocaresmaciasjimenez.com\/Autocares\/#website\"},\"datePublished\":\"2019-02-12T18:08:41+00:00\",\"dateModified\":\"2019-02-12T19:11:41+00:00\",\"breadcrumb\":{\"@id\":\"https:\/\/autocaresmaciasjimenez.com\/Autocares\/trasporte-escolar-2\/#breadcrumb\"},\"inLanguage\":\"es\",\"potentialAction\":[{\"@type\":\"ReadAction\",\"target\":[\"https:\/\/autocaresmaciasjimenez.com\/Autocares\/trasporte-escolar-2\/\"]}]},{\"@type\":\"BreadcrumbList\",\"@id\":\"https:\/\/autocaresmaciasjimenez.com\/Autocares\/trasporte-escolar-2\/#breadcrumb\",\"itemListElement\":[{\"@type\":\"ListItem\",\"position\":1,\"name\":\"Portada\",\"item\":\"https:\/\/autocaresmaciasjimenez.com\/Autocares\/inicio\/\"},{\"@type\":\"ListItem\",\"position\":2,\"name\":\"Servicio discrecional\"}]},{\"@type\":\"WebSite\",\"@id\":\"https:\/\/autocaresmaciasjimenez.com\/Autocares\/#website\",\"url\":\"https:\/\/autocaresmaciasjimenez.com\/Autocares\/\",\"name\":\"Autocares Mac\u00edas Jim\u00e9nez\",\"description\":\"Arquiler de autocares y autobuses en toda Espa\u00f1a.\",\"potentialAction\":[{\"@type\":\"SearchAction\",\"target\":{\"@type\":\"EntryPoint\",\"urlTemplate\":\"https:\/\/autocaresmaciasjimenez.com\/Autocares\/?s={search_term_string}\"},\"query-input\":{\"@type\":\"PropertyValueSpecification\",\"valueRequired\":true,\"valueName\":\"search_term_string\"}}],\"inLanguage\":\"es\"}]}<\/script>\n<!-- \/ Yoast SEO Premium plugin. -->","yoast_head_json":{"title":"Servicio discrecional - Autocares Mac\u00edas Jim\u00e9nez","robots":{"index":"index","follow":"follow","max-snippet":"max-snippet:-1","max-image-preview":"max-image-preview:large","max-video-preview":"max-video-preview:-1"},"canonical":"https:\/\/autocaresmaciasjimenez.com\/Autocares\/trasporte-escolar-2\/","og_locale":"es_ES","og_type":"article","og_title":"Servicio discrecional","og_url":"https:\/\/autocaresmaciasjimenez.com\/Autocares\/trasporte-escolar-2\/","og_site_name":"Autocares Mac\u00edas Jim\u00e9nez","article_modified_time":"2019-02-12T19:11:41+00:00","twitter_card":"summary_large_image","twitter_misc":{"Tiempo de lectura":"7 minutos"},"schema":{"@context":"https:\/\/schema.org","@graph":[{"@type":"WebPage","@id":"https:\/\/autocaresmaciasjimenez.com\/Autocares\/trasporte-escolar-2\/","url":"https:\/\/autocaresmaciasjimenez.com\/Autocares\/trasporte-escolar-2\/","name":"Servicio discrecional - Autocares Mac\u00edas Jim\u00e9nez","isPartOf":{"@id":"https:\/\/autocaresmaciasjimenez.com\/Autocares\/#website"},"datePublished":"2019-02-12T18:08:41+00:00","dateModified":"2019-02-12T19:11:41+00:00","breadcrumb":{"@id":"https:\/\/autocaresmaciasjimenez.com\/Autocares\/trasporte-escolar-2\/#breadcrumb"},"inLanguage":"es","potentialAction":[{"@type":"ReadAction","target":["https:\/\/autocaresmaciasjimenez.com\/Autocares\/trasporte-escolar-2\/"]}]},{"@type":"BreadcrumbList","@id":"https:\/\/autocaresmaciasjimenez.com\/Autocares\/trasporte-escolar-2\/#breadcrumb","itemListElement":[{"@type":"ListItem","position":1,"name":"Portada","item":"https:\/\/autocaresmaciasjimenez.com\/Autocares\/inicio\/"},{"@type":"ListItem","position":2,"name":"Servicio discrecional"}]},{"@type":"WebSite","@id":"https:\/\/autocaresmaciasjimenez.com\/Autocares\/#website","url":"https:\/\/autocaresmaciasjimenez.com\/Autocares\/","name":"Autocares Mac\u00edas Jim\u00e9nez","description":"Arquiler de autocares y autobuses en toda Espa\u00f1a.","potentialAction":[{"@type":"SearchAction","target":{"@type":"EntryPoint","urlTemplate":"https:\/\/autocaresmaciasjimenez.com\/Autocares\/?s={search_term_string}"},"query-input":{"@type":"PropertyValueSpecification","valueRequired":true,"valueName":"search_term_string"}}],"inLanguage":"es"}]}},"_links":{"self":[{"href":"https:\/\/autocaresmaciasjimenez.com\/Autocares\/wp-json\/wp\/v2\/pages\/1737","targetHints":{"allow":["GET"]}}],"collection":[{"href":"https:\/\/autocaresmaciasjimenez.com\/Autocares\/wp-json\/wp\/v2\/pages"}],"about":[{"href":"https:\/\/autocaresmaciasjimenez.com\/Autocares\/wp-json\/wp\/v2\/types\/page"}],"author":[{"embeddable":true,"href":"https:\/\/autocaresmaciasjimenez.com\/Autocares\/wp-json\/wp\/v2\/users\/1"}],"replies":[{"embeddable":true,"href":"https:\/\/autocaresmaciasjimenez.com\/Autocares\/wp-json\/wp\/v2\/comments?post=1737"}],"version-history":[{"count":13,"href":"https:\/\/autocaresmaciasjimenez.com\/Autocares\/wp-json\/wp\/v2\/pages\/1737\/revisions"}],"predecessor-version":[{"id":1922,"href":"https:\/\/autocaresmaciasjimenez.com\/Autocares\/wp-json\/wp\/v2\/pages\/1737\/revisions\/1922"}],"wp:attachment":[{"href":"https:\/\/autocaresmaciasjimenez.com\/Autocares\/wp-json\/wp\/v2\/media?parent=1737"}],"curies":[{"name":"wp","href":"https:\/\/api.w.org\/{rel}","templated":true}]}}