{"id":1480,"date":"2019-02-07T18:23:15","date_gmt":"2019-02-07T17:23:15","guid":{"rendered":"https:\/\/autocaresmaciasjimenez.com\/Autocares\/?page_id=1480"},"modified":"2019-02-12T20:24:49","modified_gmt":"2019-02-12T19:24:49","slug":"conocenos","status":"publish","type":"page","link":"https:\/\/autocaresmaciasjimenez.com\/Autocares\/conocenos\/","title":{"rendered":"Conocenos"},"content":{"rendered":"<div   class='avia-fullscreen-slider main_color   avia-builder-el-0  el_before_av_one_half  avia-builder-el-first  container_wrap sidebar_right'  >\n<style type=\"text\/css\" data-created_by=\"avia_inline_auto\" id=\"style-css-av-jruw3auf-4cb9c333c7932de1c18ee6918f6c57f4\">\n#top .avia-slideshow .av-slideshow-caption.av-jruw3auf-4cb9c333c7932de1c18ee6918f6c57f4__0 .avia-caption-content{\nfont-size:17px;\n}\n#top .avia-slideshow .av-slideshow-caption.av-jruw3auf-4cb9c333c7932de1c18ee6918f6c57f4__0 .avia-caption-content p{\nfont-size:17px;\n}\n<\/style>\n<div  class='avia-slideshow av-jruw3auf-4cb9c333c7932de1c18ee6918f6c57f4 avia-slideshow-extra_large av_fullscreen avia-slide-slider av-slideshow-ui av-control-default av-slideshow-manual av-loop-once av-loop-manual-endless av-default-height-applied   avia-slideshow-1' data-slideshow-options=\"{&quot;animation&quot;:&quot;slide&quot;,&quot;autoplay&quot;:false,&quot;loop_autoplay&quot;:&quot;once&quot;,&quot;interval&quot;:5,&quot;loop_manual&quot;:&quot;manual-endless&quot;,&quot;autoplay_stopper&quot;:false,&quot;noNavigation&quot;:false,&quot;bg_slider&quot;:true,&quot;keep_padding&quot;:false,&quot;hoverpause&quot;:false,&quot;show_slide_delay&quot;:0,&quot;slide_height&quot;:&quot;100&quot;,&quot;image_attachment&quot;:&quot;&quot;}\"  itemprop=\"image\" itemscope=\"itemscope\" itemtype=\"https:\/\/schema.org\/ImageObject\" ><ul class='avia-slideshow-inner ' style='padding-bottom: 74.933333333333%;'><li style='background-position:center center;' data-img-url='https:\/\/autocaresmaciasjimenez.com\/Autocares\/wp-content\/uploads\/2019\/02\/fotos-pagina-web-015-1500x1124.jpg' class='avia-slideshow-slide av-jruw3auf-4cb9c333c7932de1c18ee6918f6c57f4__0  av-single-slide slide-1 slide-odd'><div data-rel='slideshow-1' class='avia-slide-wrap '   ><div class='av-slideshow-caption av-jruw3auf-4cb9c333c7932de1c18ee6918f6c57f4__0 caption_fullwidth caption_center caption_center_framed caption_framed'><div class=\"container caption_container\"><div class=\"slideshow_caption\"><div class=\"slideshow_inner_caption\"><div class=\"slideshow_align_caption\"><div class='avia-caption-content '  itemprop=\"description\" ><p>Ya sabes c\u00f3mo nos llamamos<br \/>\nQue la frase que mejor nos define es \u201cSiempre pensando en el Cliente\u201d<br \/>\nPero nos gustar\u00eda que nos conocieras mejor, como empezamos, quienes somos, donde<\/p>\n<\/div><\/div><\/div><\/div><\/div><\/div><\/div><\/li><\/ul><\/div><\/div><div id='after_full_slider_1'  class='main_color av_default_container_wrap container_wrap sidebar_right'  ><div class='container av-section-cont-open' ><div class='template-page content  av-content-small alpha units'><div class='post-entry post-entry-type-page post-entry-1480'><div class='entry-content-wrapper clearfix'>\n\n<style type=\"text\/css\" data-created_by=\"avia_inline_auto\" id=\"style-css-av-av_one_half-25347b0a799d5b9f7058434b2a9c3182\">\n.flex_column.av-av_one_half-25347b0a799d5b9f7058434b2a9c3182{\nborder-radius:0px 0px 0px 0px;\npadding:0px 0px 0px 0px;\n}\n<\/style>\n<div  class='flex_column av-av_one_half-25347b0a799d5b9f7058434b2a9c3182 av_one_half  avia-builder-el-1  el_after_av_fullscreen  el_before_av_one_half  avia-builder-el-first  first flex_column_div av-zero-column-padding  '     ><p>\n<style type=\"text\/css\" data-created_by=\"avia_inline_auto\" id=\"style-css-av-av_image-e8d621809660345b95c95e51465ec640\">\n.avia-image-container.av-av_image-e8d621809660345b95c95e51465ec640 img.avia_image{\nbox-shadow:none;\n}\n.avia-image-container.av-av_image-e8d621809660345b95c95e51465ec640 .av-image-caption-overlay-center{\ncolor:#ffffff;\n}\n<\/style>\n<div  class='avia-image-container av-av_image-e8d621809660345b95c95e51465ec640 av-styling- avia-align-center  avia-builder-el-2  el_before_av_textblock  avia-builder-el-first '   itemprop=\"image\" itemscope=\"itemscope\" itemtype=\"https:\/\/schema.org\/ImageObject\" ><div class=\"avia-image-container-inner\"><div class=\"avia-image-overlay-wrap\"><img fetchpriority=\"high\" class='wp-image- avia-img-lazy-loading-not- avia_image ' src='https:\/\/autocaresmaciasjimenez.com\/Autocares\/wp-content\/themes\/enfold\/config-templatebuilder\/avia-template-builder\/images\/placeholder.jpg' alt='' title=''   itemprop=\"thumbnailUrl\"  \/><\/div><\/div><\/div><br \/>\n<section  class='av_textblock_section av-jruw4ood-108c80d308102cfe07a3a9a502ee2b58 '   itemscope=\"itemscope\" itemtype=\"https:\/\/schema.org\/CreativeWork\" ><div class='avia_textblock'  itemprop=\"text\" ><p>Autocares Mac\u00edas Jim\u00e9nez es una empresa familiar, situada en el Pol\u00edgono Industrial Cantarranas de Co\u00edn (M\u00e1laga). Inici\u00f3 su andadura en 1971 de la mano de Salvador Mac\u00edas Jim\u00e9nez, el fundador. Se especializa en el sector de transporte de viajeros por carretera en la empresa (Cooperativa Obraros textiles de Co\u00edn) en la que fue contratado como conductor, pronto empieza a destacar en planificaci\u00f3n, organizaci\u00f3n y direcci\u00f3n. Y por cuenta propia realiza expediciones, viajes de fin de semana y vacaciones. <!--more--><\/p>\n<p>Ya en 1988 consigue la concesi\u00f3n de la licencia para su empresa como transporte urbano de viajeros en Co\u00edn.<\/p>\n<\/div><\/section><\/p><\/div>\n<style type=\"text\/css\" data-created_by=\"avia_inline_auto\" id=\"style-css-av-av_one_half-f7c1061df29de8cca6b42fcf455fe4a0\">\n.flex_column.av-av_one_half-f7c1061df29de8cca6b42fcf455fe4a0{\nborder-radius:0px 0px 0px 0px;\npadding:0px 0px 0px 0px;\n}\n<\/style>\n<div  class='flex_column av-av_one_half-f7c1061df29de8cca6b42fcf455fe4a0 av_one_half  avia-builder-el-4  el_after_av_one_half  avia-builder-el-last  flex_column_div av-zero-column-padding  '     ><p>\n<style type=\"text\/css\" data-created_by=\"avia_inline_auto\" id=\"style-css-av-av_image-e8d621809660345b95c95e51465ec640\">\n.avia-image-container.av-av_image-e8d621809660345b95c95e51465ec640 img.avia_image{\nbox-shadow:none;\n}\n.avia-image-container.av-av_image-e8d621809660345b95c95e51465ec640 .av-image-caption-overlay-center{\ncolor:#ffffff;\n}\n<\/style>\n<div  class='avia-image-container av-av_image-e8d621809660345b95c95e51465ec640 av-styling- avia-align-center  avia-builder-el-5  el_before_av_textblock  avia-builder-el-first '   itemprop=\"image\" itemscope=\"itemscope\" itemtype=\"https:\/\/schema.org\/ImageObject\" ><div class=\"avia-image-container-inner\"><div class=\"avia-image-overlay-wrap\"><img fetchpriority=\"high\" class='wp-image- avia-img-lazy-loading-not- avia_image ' src='https:\/\/autocaresmaciasjimenez.com\/Autocares\/wp-content\/themes\/enfold\/config-templatebuilder\/avia-template-builder\/images\/placeholder.jpg' alt='' title=''   itemprop=\"thumbnailUrl\"  \/><\/div><\/div><\/div><br \/>\n<section  class='av_textblock_section av-av_textblock-445188a952fb265869ea404d0e52fad7 '   itemscope=\"itemscope\" itemtype=\"https:\/\/schema.org\/CreativeWork\" ><div class='avia_textblock'  itemprop=\"text\" ><p>Pulsa aqu\u00ed para a\u00f1adir un texto<\/p>\n<\/div><\/section><\/p><\/div><\/p>\n","protected":false},"excerpt":{"rendered":"","protected":false},"author":1,"featured_media":0,"parent":0,"menu_order":0,"comment_status":"closed","ping_status":"closed","template":"","meta":{"footnotes":""},"class_list":["post-1480","page","type-page","status-publish","hentry"],"yoast_head":"<!-- This site is optimized with the Yoast SEO Premium plugin v25.7.1 (Yoast SEO v26.3) - https:\/\/yoast.com\/wordpress\/plugins\/seo\/ -->\n<title>Conocenos - Autocares Mac\u00edas Jim\u00e9nez<\/title>\n<meta name=\"robots\" content=\"index, follow, max-snippet:-1, max-image-preview:large, max-video-preview:-1\" \/>\n<link rel=\"canonical\" href=\"https:\/\/autocaresmaciasjimenez.com\/Autocares\/conocenos\/\" \/>\n<meta property=\"og:locale\" content=\"es_ES\" \/>\n<meta property=\"og:type\" content=\"article\" \/>\n<meta property=\"og:title\" content=\"Conocenos\" \/>\n<meta property=\"og:url\" content=\"https:\/\/autocaresmaciasjimenez.com\/Autocares\/conocenos\/\" \/>\n<meta property=\"og:site_name\" content=\"Autocares Mac\u00edas Jim\u00e9nez\" \/>\n<meta property=\"article:modified_time\" content=\"2019-02-12T19:24:49+00:00\" \/>\n<meta name=\"twitter:card\" content=\"summary_large_image\" \/>\n<meta name=\"twitter:label1\" content=\"Tiempo de lectura\" \/>\n\t<meta name=\"twitter:data1\" content=\"3 minutos\" \/>\n<script type=\"application\/ld+json\" class=\"yoast-schema-graph\">{\"@context\":\"https:\/\/schema.org\",\"@graph\":[{\"@type\":\"WebPage\",\"@id\":\"https:\/\/autocaresmaciasjimenez.com\/Autocares\/conocenos\/\",\"url\":\"https:\/\/autocaresmaciasjimenez.com\/Autocares\/conocenos\/\",\"name\":\"Conocenos - Autocares Mac\u00edas Jim\u00e9nez\",\"isPartOf\":{\"@id\":\"https:\/\/autocaresmaciasjimenez.com\/Autocares\/#website\"},\"datePublished\":\"2019-02-07T17:23:15+00:00\",\"dateModified\":\"2019-02-12T19:24:49+00:00\",\"breadcrumb\":{\"@id\":\"https:\/\/autocaresmaciasjimenez.com\/Autocares\/conocenos\/#breadcrumb\"},\"inLanguage\":\"es\",\"potentialAction\":[{\"@type\":\"ReadAction\",\"target\":[\"https:\/\/autocaresmaciasjimenez.com\/Autocares\/conocenos\/\"]}]},{\"@type\":\"BreadcrumbList\",\"@id\":\"https:\/\/autocaresmaciasjimenez.com\/Autocares\/conocenos\/#breadcrumb\",\"itemListElement\":[{\"@type\":\"ListItem\",\"position\":1,\"name\":\"Portada\",\"item\":\"https:\/\/autocaresmaciasjimenez.com\/Autocares\/inicio\/\"},{\"@type\":\"ListItem\",\"position\":2,\"name\":\"Conocenos\"}]},{\"@type\":\"WebSite\",\"@id\":\"https:\/\/autocaresmaciasjimenez.com\/Autocares\/#website\",\"url\":\"https:\/\/autocaresmaciasjimenez.com\/Autocares\/\",\"name\":\"Autocares Mac\u00edas Jim\u00e9nez\",\"description\":\"Arquiler de autocares y autobuses en toda Espa\u00f1a.\",\"potentialAction\":[{\"@type\":\"SearchAction\",\"target\":{\"@type\":\"EntryPoint\",\"urlTemplate\":\"https:\/\/autocaresmaciasjimenez.com\/Autocares\/?s={search_term_string}\"},\"query-input\":{\"@type\":\"PropertyValueSpecification\",\"valueRequired\":true,\"valueName\":\"search_term_string\"}}],\"inLanguage\":\"es\"}]}<\/script>\n<!-- \/ Yoast SEO Premium plugin. -->","yoast_head_json":{"title":"Conocenos - Autocares Mac\u00edas Jim\u00e9nez","robots":{"index":"index","follow":"follow","max-snippet":"max-snippet:-1","max-image-preview":"max-image-preview:large","max-video-preview":"max-video-preview:-1"},"canonical":"https:\/\/autocaresmaciasjimenez.com\/Autocares\/conocenos\/","og_locale":"es_ES","og_type":"article","og_title":"Conocenos","og_url":"https:\/\/autocaresmaciasjimenez.com\/Autocares\/conocenos\/","og_site_name":"Autocares Mac\u00edas Jim\u00e9nez","article_modified_time":"2019-02-12T19:24:49+00:00","twitter_card":"summary_large_image","twitter_misc":{"Tiempo de lectura":"3 minutos"},"schema":{"@context":"https:\/\/schema.org","@graph":[{"@type":"WebPage","@id":"https:\/\/autocaresmaciasjimenez.com\/Autocares\/conocenos\/","url":"https:\/\/autocaresmaciasjimenez.com\/Autocares\/conocenos\/","name":"Conocenos - Autocares Mac\u00edas Jim\u00e9nez","isPartOf":{"@id":"https:\/\/autocaresmaciasjimenez.com\/Autocares\/#website"},"datePublished":"2019-02-07T17:23:15+00:00","dateModified":"2019-02-12T19:24:49+00:00","breadcrumb":{"@id":"https:\/\/autocaresmaciasjimenez.com\/Autocares\/conocenos\/#breadcrumb"},"inLanguage":"es","potentialAction":[{"@type":"ReadAction","target":["https:\/\/autocaresmaciasjimenez.com\/Autocares\/conocenos\/"]}]},{"@type":"BreadcrumbList","@id":"https:\/\/autocaresmaciasjimenez.com\/Autocares\/conocenos\/#breadcrumb","itemListElement":[{"@type":"ListItem","position":1,"name":"Portada","item":"https:\/\/autocaresmaciasjimenez.com\/Autocares\/inicio\/"},{"@type":"ListItem","position":2,"name":"Conocenos"}]},{"@type":"WebSite","@id":"https:\/\/autocaresmaciasjimenez.com\/Autocares\/#website","url":"https:\/\/autocaresmaciasjimenez.com\/Autocares\/","name":"Autocares Mac\u00edas Jim\u00e9nez","description":"Arquiler de autocares y autobuses en toda Espa\u00f1a.","potentialAction":[{"@type":"SearchAction","target":{"@type":"EntryPoint","urlTemplate":"https:\/\/autocaresmaciasjimenez.com\/Autocares\/?s={search_term_string}"},"query-input":{"@type":"PropertyValueSpecification","valueRequired":true,"valueName":"search_term_string"}}],"inLanguage":"es"}]}},"_links":{"self":[{"href":"https:\/\/autocaresmaciasjimenez.com\/Autocares\/wp-json\/wp\/v2\/pages\/1480","targetHints":{"allow":["GET"]}}],"collection":[{"href":"https:\/\/autocaresmaciasjimenez.com\/Autocares\/wp-json\/wp\/v2\/pages"}],"about":[{"href":"https:\/\/autocaresmaciasjimenez.com\/Autocares\/wp-json\/wp\/v2\/types\/page"}],"author":[{"embeddable":true,"href":"https:\/\/autocaresmaciasjimenez.com\/Autocares\/wp-json\/wp\/v2\/users\/1"}],"replies":[{"embeddable":true,"href":"https:\/\/autocaresmaciasjimenez.com\/Autocares\/wp-json\/wp\/v2\/comments?post=1480"}],"version-history":[{"count":2,"href":"https:\/\/autocaresmaciasjimenez.com\/Autocares\/wp-json\/wp\/v2\/pages\/1480\/revisions"}],"predecessor-version":[{"id":4954,"href":"https:\/\/autocaresmaciasjimenez.com\/Autocares\/wp-json\/wp\/v2\/pages\/1480\/revisions\/4954"}],"wp:attachment":[{"href":"https:\/\/autocaresmaciasjimenez.com\/Autocares\/wp-json\/wp\/v2\/media?parent=1480"}],"curies":[{"name":"wp","href":"https:\/\/api.w.org\/{rel}","templated":true}]}}